{"id":2,"date":"2016-05-10T03:48:21","date_gmt":"2016-05-10T03:48:21","guid":{"rendered":"https:\/\/xn--mhnesee-ferienwohnung-hec.de\/?page_id=2"},"modified":"2025-01-07T15:18:42","modified_gmt":"2025-01-07T15:18:42","slug":"home","status":"publish","type":"page","link":"https:\/\/xn--mhnesee-ferienwohnung-hec.de\/","title":{"rendered":"Home"},"content":{"rendered":"\t\t<div data-elementor-type=\"wp-page\" data-elementor-id=\"2\" class=\"elementor elementor-2\">\n\t\t\t\t<div class=\"elementor-element elementor-element-cba619e e-flex e-con-boxed e-con e-parent\" data-id=\"cba619e\" data-element_type=\"container\" data-e-type=\"container\" data-settings=\"{&quot;background_background&quot;:&quot;video&quot;,&quot;background_video_link&quot;:&quot;\\\/wp-content\\\/uploads\\\/2025\\\/01\\\/VIdeo2-1.mp4&quot;}\">\n\t\t\t\t\t<div class=\"e-con-inner\">\n\t\t<div class=\"elementor-background-video-container elementor-hidden-mobile\">\n\t\t\t\t\t\t\t<video class=\"elementor-background-video-hosted\" role=\"presentation\" autoplay muted playsinline loop><\/video>\n\t\t\t\t\t<\/div><div class=\"elementor-element elementor-element-b3e9b53 e-con-full e-flex e-con e-child\" data-id=\"b3e9b53\" data-element_type=\"container\" data-e-type=\"container\" data-settings=\"{&quot;background_background&quot;:&quot;classic&quot;}\">\n\t\t\t\t<div class=\"elementor-element elementor-element-195c4ec elementor-widget elementor-widget-heading\" data-id=\"195c4ec\" data-element_type=\"widget\" data-e-type=\"widget\" data-widget_type=\"heading.default\">\n\t\t\t\t<div class=\"elementor-widget-container\">\n\t\t\t\t\t<h4 class=\"elementor-heading-title elementor-size-default\">Willkommen am M\u00f6hnesee!<\/h4>\t\t\t\t<\/div>\n\t\t\t\t<\/div>\n\t\t\t\t<div class=\"elementor-element elementor-element-0f1d5f4 elementor-widget elementor-widget-text-editor\" data-id=\"0f1d5f4\" data-element_type=\"widget\" data-e-type=\"widget\" data-widget_type=\"text-editor.default\">\n\t\t\t\t<div class=\"elementor-widget-container\">\n\t\t\t\t\t\t\t\t\t<p>Herzlich willkommen auf unserer Seite! Sie planen einen erholsamen Urlaub inmitten der Natur? Dann sind Sie bei uns genau richtig. Unsere beiden liebevoll eingerichteten Ferienwohnungen in M\u00f6hnesee bieten Ihnen die perfekte Basis f\u00fcr unvergessliche Tage.<\/p><p>Ob Sie mit der ganzen Familie oder zu zweit unterwegs sind \u2013 wir haben den idealen R\u00fcckzugsort f\u00fcr Sie. Unsere gro\u00dfe Ferienwohnung f\u00fcr bis zu 6 Personen bietet viel Platz und Komfort, w\u00e4hrend unsere gem\u00fctliche Wohnung f\u00fcr 2 Personen wie geschaffen ist f\u00fcr Paare oder Alleinreisende, die Ruhe und Entspannung suchen.<\/p><p>Der M\u00f6hnesee selbst begeistert mit seiner atemberaubenden Natur: Kilometerlange Wander- und Radwege, Wassersportm\u00f6glichkeiten, romantische Sonnenunterg\u00e4nge und eine reiche Tierwelt warten darauf, von Ihnen entdeckt zu werden. Genie\u00dfen Sie die frische Luft, das Pl\u00e4tschern des Wassers und die Ruhe, die nur der See bieten kann.<\/p><p>Lassen Sie sich von der Sch\u00f6nheit des M\u00f6hnesees verzaubern \u2013 wir freuen uns darauf, Sie bald bei uns willkommen zu hei\u00dfen!<\/p>\t\t\t\t\t\t\t\t<\/div>\n\t\t\t\t<\/div>\n\t\t\t\t<\/div>\n\t\t\t\t\t<\/div>\n\t\t\t\t<\/div>\n\t\t<div class=\"elementor-element elementor-element-a98fecb e-flex e-con-boxed e-con e-parent\" data-id=\"a98fecb\" data-element_type=\"container\" data-e-type=\"container\">\n\t\t\t\t\t<div class=\"e-con-inner\">\n\t\t\t\t<div class=\"elementor-element elementor-element-0c62b43 elementor-widget elementor-widget-heading\" data-id=\"0c62b43\" data-element_type=\"widget\" data-e-type=\"widget\" data-widget_type=\"heading.default\">\n\t\t\t\t<div class=\"elementor-widget-container\">\n\t\t\t\t\t<h2 class=\"elementor-heading-title elementor-size-default\">Lernen Sie unsere Ferienwohnungen kennen:<\/h2>\t\t\t\t<\/div>\n\t\t\t\t<\/div>\n\t\t\t\t\t<\/div>\n\t\t\t\t<\/div>\n\t\t<div class=\"elementor-element elementor-element-95c52af e-flex e-con-boxed e-con e-parent\" data-id=\"95c52af\" data-element_type=\"container\" data-e-type=\"container\">\n\t\t\t\t\t<div class=\"e-con-inner\">\n\t\t<div class=\"elementor-element elementor-element-7d16a81 e-con-full e-flex e-con e-child\" data-id=\"7d16a81\" data-element_type=\"container\" data-e-type=\"container\">\n\t\t\t\t<div class=\"elementor-element elementor-element-df17966 elementor-widget elementor-widget-image\" data-id=\"df17966\" data-element_type=\"widget\" data-e-type=\"widget\" data-widget_type=\"image.default\">\n\t\t\t\t<div class=\"elementor-widget-container\">\n\t\t\t\t\t\t\t\t\t\t\t\t\t\t\t\t<a href=\"http:\/\/www.seeundsoest.de\" target=\"_blank\">\n\t\t\t\t\t\t\t<img fetchpriority=\"high\" decoding=\"async\" width=\"800\" height=\"599\" src=\"https:\/\/xn--mhnesee-ferienwohnung-hec.de\/wp-content\/uploads\/2025\/01\/IMG_4138-e1736262864919-1024x767.jpg\" class=\"attachment-large size-large wp-image-42\" alt=\"\" srcset=\"https:\/\/xn--mhnesee-ferienwohnung-hec.de\/wp-content\/uploads\/2025\/01\/IMG_4138-e1736262864919-1024x767.jpg 1024w, https:\/\/xn--mhnesee-ferienwohnung-hec.de\/wp-content\/uploads\/2025\/01\/IMG_4138-e1736262864919-300x225.jpg 300w, https:\/\/xn--mhnesee-ferienwohnung-hec.de\/wp-content\/uploads\/2025\/01\/IMG_4138-e1736262864919-768x575.jpg 768w, https:\/\/xn--mhnesee-ferienwohnung-hec.de\/wp-content\/uploads\/2025\/01\/IMG_4138-e1736262864919.jpg 1536w\" sizes=\"(max-width: 800px) 100vw, 800px\" \/>\t\t\t\t\t\t\t\t<\/a>\n\t\t\t\t\t\t\t\t\t\t\t\t\t\t\t<\/div>\n\t\t\t\t<\/div>\n\t\t\t\t<div class=\"elementor-element elementor-element-c7f104c e-transform elementor-widget elementor-widget-heading\" data-id=\"c7f104c\" data-element_type=\"widget\" data-e-type=\"widget\" data-settings=\"{&quot;_transform_translateX_effect&quot;:{&quot;unit&quot;:&quot;px&quot;,&quot;size&quot;:10,&quot;sizes&quot;:[]},&quot;_transform_translateY_effect&quot;:{&quot;unit&quot;:&quot;px&quot;,&quot;size&quot;:-69,&quot;sizes&quot;:[]},&quot;_transform_translateX_effect_tablet&quot;:{&quot;unit&quot;:&quot;px&quot;,&quot;size&quot;:&quot;&quot;,&quot;sizes&quot;:[]},&quot;_transform_translateX_effect_mobile&quot;:{&quot;unit&quot;:&quot;px&quot;,&quot;size&quot;:&quot;&quot;,&quot;sizes&quot;:[]},&quot;_transform_translateY_effect_tablet&quot;:{&quot;unit&quot;:&quot;px&quot;,&quot;size&quot;:&quot;&quot;,&quot;sizes&quot;:[]},&quot;_transform_translateY_effect_mobile&quot;:{&quot;unit&quot;:&quot;px&quot;,&quot;size&quot;:&quot;&quot;,&quot;sizes&quot;:[]}}\" data-widget_type=\"heading.default\">\n\t\t\t\t<div class=\"elementor-widget-container\">\n\t\t\t\t\t<h2 class=\"elementor-heading-title elementor-size-default\"><a href=\"\/wohnung1\/\">SeeundSoest (6 Personen)<\/a><\/h2>\t\t\t\t<\/div>\n\t\t\t\t<\/div>\n\t\t\t\t<\/div>\n\t\t<div class=\"elementor-element elementor-element-43614cb e-con-full e-flex e-con e-child\" data-id=\"43614cb\" data-element_type=\"container\" data-e-type=\"container\">\n\t\t\t\t<div class=\"elementor-element elementor-element-318a536 elementor-widget elementor-widget-image\" data-id=\"318a536\" data-element_type=\"widget\" data-e-type=\"widget\" data-widget_type=\"image.default\">\n\t\t\t\t<div class=\"elementor-widget-container\">\n\t\t\t\t\t\t\t\t\t\t\t\t\t\t\t\t<a href=\"http:\/\/www.pattamsee.de\" target=\"_blank\">\n\t\t\t\t\t\t\t<img decoding=\"async\" width=\"1536\" height=\"1154\" src=\"https:\/\/xn--mhnesee-ferienwohnung-hec.de\/wp-content\/uploads\/2025\/01\/PattamSee-12-e1736262907774.jpg\" class=\"attachment-full size-full wp-image-43\" alt=\"\" srcset=\"https:\/\/xn--mhnesee-ferienwohnung-hec.de\/wp-content\/uploads\/2025\/01\/PattamSee-12-e1736262907774.jpg 1536w, https:\/\/xn--mhnesee-ferienwohnung-hec.de\/wp-content\/uploads\/2025\/01\/PattamSee-12-e1736262907774-300x225.jpg 300w, https:\/\/xn--mhnesee-ferienwohnung-hec.de\/wp-content\/uploads\/2025\/01\/PattamSee-12-e1736262907774-1024x769.jpg 1024w, https:\/\/xn--mhnesee-ferienwohnung-hec.de\/wp-content\/uploads\/2025\/01\/PattamSee-12-e1736262907774-768x577.jpg 768w\" sizes=\"(max-width: 1536px) 100vw, 1536px\" \/>\t\t\t\t\t\t\t\t<\/a>\n\t\t\t\t\t\t\t\t\t\t\t\t\t\t\t<\/div>\n\t\t\t\t<\/div>\n\t\t\t\t<div class=\"elementor-element elementor-element-009e0ee e-transform elementor-widget elementor-widget-heading\" data-id=\"009e0ee\" data-element_type=\"widget\" data-e-type=\"widget\" data-settings=\"{&quot;_transform_translateX_effect&quot;:{&quot;unit&quot;:&quot;px&quot;,&quot;size&quot;:10,&quot;sizes&quot;:[]},&quot;_transform_translateY_effect&quot;:{&quot;unit&quot;:&quot;px&quot;,&quot;size&quot;:-69,&quot;sizes&quot;:[]},&quot;_transform_translateX_effect_tablet&quot;:{&quot;unit&quot;:&quot;px&quot;,&quot;size&quot;:&quot;&quot;,&quot;sizes&quot;:[]},&quot;_transform_translateX_effect_mobile&quot;:{&quot;unit&quot;:&quot;px&quot;,&quot;size&quot;:&quot;&quot;,&quot;sizes&quot;:[]},&quot;_transform_translateY_effect_tablet&quot;:{&quot;unit&quot;:&quot;px&quot;,&quot;size&quot;:&quot;&quot;,&quot;sizes&quot;:[]},&quot;_transform_translateY_effect_mobile&quot;:{&quot;unit&quot;:&quot;px&quot;,&quot;size&quot;:&quot;&quot;,&quot;sizes&quot;:[]}}\" data-widget_type=\"heading.default\">\n\t\t\t\t<div class=\"elementor-widget-container\">\n\t\t\t\t\t<h2 class=\"elementor-heading-title elementor-size-default\"><a href=\"http:\/\/www.pattamsee.de\">PattamSee (2 Personen)<\/a><\/h2>\t\t\t\t<\/div>\n\t\t\t\t<\/div>\n\t\t\t\t<\/div>\n\t\t\t\t\t<\/div>\n\t\t\t\t<\/div>\n\t\t\t\t<\/div>\n\t\t","protected":false},"excerpt":{"rendered":"<p>Willkommen am M\u00f6hnesee! Herzlich willkommen auf unserer Seite! Sie planen einen erholsamen Urlaub inmitten der Natur? Dann sind Sie bei uns genau richtig. Unsere beiden liebevoll eingerichteten Ferienwohnungen in M\u00f6hnesee bieten Ihnen die perfekte Basis f\u00fcr unvergessliche Tage. Ob Sie mit der ganzen Familie oder zu zweit unterwegs sind \u2013 wir haben den idealen R\u00fcckzugsort [&hellip;]<\/p>\n","protected":false},"author":1,"featured_media":0,"parent":0,"menu_order":0,"comment_status":"closed","ping_status":"closed","template":"elementor_canvas","meta":{"footnotes":""},"class_list":["post-2","page","type-page","status-publish","hentry"],"_links":{"self":[{"href":"https:\/\/xn--mhnesee-ferienwohnung-hec.de\/index.php?rest_route=\/wp\/v2\/pages\/2","targetHints":{"allow":["GET"]}}],"collection":[{"href":"https:\/\/xn--mhnesee-ferienwohnung-hec.de\/index.php?rest_route=\/wp\/v2\/pages"}],"about":[{"href":"https:\/\/xn--mhnesee-ferienwohnung-hec.de\/index.php?rest_route=\/wp\/v2\/types\/page"}],"author":[{"embeddable":true,"href":"https:\/\/xn--mhnesee-ferienwohnung-hec.de\/index.php?rest_route=\/wp\/v2\/users\/1"}],"replies":[{"embeddable":true,"href":"https:\/\/xn--mhnesee-ferienwohnung-hec.de\/index.php?rest_route=%2Fwp%2Fv2%2Fcomments&post=2"}],"version-history":[{"count":34,"href":"https:\/\/xn--mhnesee-ferienwohnung-hec.de\/index.php?rest_route=\/wp\/v2\/pages\/2\/revisions"}],"predecessor-version":[{"id":56,"href":"https:\/\/xn--mhnesee-ferienwohnung-hec.de\/index.php?rest_route=\/wp\/v2\/pages\/2\/revisions\/56"}],"wp:attachment":[{"href":"https:\/\/xn--mhnesee-ferienwohnung-hec.de\/index.php?rest_route=%2Fwp%2Fv2%2Fmedia&parent=2"}],"curies":[{"name":"wp","href":"https:\/\/api.w.org\/{rel}","templated":true}]}}